{"id":1540,"date":"2021-06-11T16:17:07","date_gmt":"2021-06-11T14:17:07","guid":{"rendered":"https:\/\/galerie-brusberg.de\/about-us\/"},"modified":"2021-09-09T10:37:22","modified_gmt":"2021-09-09T08:37:22","slug":"about-us","status":"publish","type":"page","link":"https:\/\/galerie-brusberg.de\/en\/about-us\/","title":{"rendered":"About us"},"content":{"rendered":"\n<figure class=\"wp-block-gallery columns-3 is-cropped my_slider wp-block-gallery-1 is-layout-flex wp-block-gallery-is-layout-flex\"><ul class=\"blocks-gallery-grid\"><li class=\"blocks-gallery-item\"><figure><img loading=\"lazy\" decoding=\"async\" width=\"1024\" height=\"563\" src=\"https:\/\/galerie-brusberg.de\/wp-content\/uploads\/2021\/09\/Brusberg_in_Heidelber_1970_Plakat-auf-weiss-1024x563.jpg\" alt=\"\" data-id=\"1534\" data-full-url=\"https:\/\/galerie-brusberg.de\/wp-content\/uploads\/2021\/09\/Brusberg_in_Heidelber_1970_Plakat-auf-weiss.jpg\" data-link=\"https:\/\/galerie-brusberg.de\/ueber-uns\/brusberg_in_heidelber_1970_plakat-auf-weiss\/\" class=\"wp-image-1534\" srcset=\"https:\/\/galerie-brusberg.de\/wp-content\/uploads\/2021\/09\/Brusberg_in_Heidelber_1970_Plakat-auf-weiss-1024x563.jpg 1024w, https:\/\/galerie-brusberg.de\/wp-content\/uploads\/2021\/09\/Brusberg_in_Heidelber_1970_Plakat-auf-weiss-500x275.jpg 500w, https:\/\/galerie-brusberg.de\/wp-content\/uploads\/2021\/09\/Brusberg_in_Heidelber_1970_Plakat-auf-weiss-768x422.jpg 768w, https:\/\/galerie-brusberg.de\/wp-content\/uploads\/2021\/09\/Brusberg_in_Heidelber_1970_Plakat-auf-weiss-1536x845.jpg 1536w, https:\/\/galerie-brusberg.de\/wp-content\/uploads\/2021\/09\/Brusberg_in_Heidelber_1970_Plakat-auf-weiss.jpg 1600w\" sizes=\"auto, (max-width: 1024px) 100vw, 1024px\" \/><\/figure><\/li><li class=\"blocks-gallery-item\"><figure><img loading=\"lazy\" decoding=\"async\" width=\"991\" height=\"1024\" src=\"https:\/\/galerie-brusberg.de\/wp-content\/uploads\/2021\/08\/uhlemeyerstr131-991x1024.jpg\" alt=\"\" data-id=\"676\" data-full-url=\"https:\/\/galerie-brusberg.de\/wp-content\/uploads\/2021\/08\/uhlemeyerstr131.jpg\" data-link=\"https:\/\/galerie-brusberg.de\/ueber-uns\/__uhlemeyerstr131\/\" class=\"wp-image-676\" srcset=\"https:\/\/galerie-brusberg.de\/wp-content\/uploads\/2021\/08\/uhlemeyerstr131-991x1024.jpg 991w, https:\/\/galerie-brusberg.de\/wp-content\/uploads\/2021\/08\/uhlemeyerstr131-484x500.jpg 484w, https:\/\/galerie-brusberg.de\/wp-content\/uploads\/2021\/08\/uhlemeyerstr131-768x794.jpg 768w, https:\/\/galerie-brusberg.de\/wp-content\/uploads\/2021\/08\/uhlemeyerstr131.jpg 1422w\" sizes=\"auto, (max-width: 991px) 100vw, 991px\" \/><\/figure><\/li><li class=\"blocks-gallery-item\"><figure><img loading=\"lazy\" decoding=\"async\" width=\"1024\" height=\"818\" src=\"https:\/\/galerie-brusberg.de\/wp-content\/uploads\/2021\/09\/fassade2-1024x818.jpg\" alt=\"\" data-id=\"1413\" data-full-url=\"https:\/\/galerie-brusberg.de\/wp-content\/uploads\/2021\/09\/fassade2.jpg\" data-link=\"https:\/\/galerie-brusberg.de\/ueber-uns\/fassade2\/\" class=\"wp-image-1413\" srcset=\"https:\/\/galerie-brusberg.de\/wp-content\/uploads\/2021\/09\/fassade2-1024x818.jpg 1024w, https:\/\/galerie-brusberg.de\/wp-content\/uploads\/2021\/09\/fassade2-500x400.jpg 500w, https:\/\/galerie-brusberg.de\/wp-content\/uploads\/2021\/09\/fassade2-768x614.jpg 768w, https:\/\/galerie-brusberg.de\/wp-content\/uploads\/2021\/09\/fassade2.jpg 1185w\" sizes=\"auto, (max-width: 1024px) 100vw, 1024px\" \/><\/figure><\/li><li class=\"blocks-gallery-item\"><figure><img loading=\"lazy\" decoding=\"async\" width=\"1024\" height=\"846\" src=\"https:\/\/galerie-brusberg.de\/wp-content\/uploads\/2021\/08\/lyckallee-1024x846.jpg\" alt=\"\" data-id=\"674\" data-full-url=\"https:\/\/galerie-brusberg.de\/wp-content\/uploads\/2021\/08\/lyckallee.jpg\" data-link=\"https:\/\/galerie-brusberg.de\/ueber-uns\/__lyckallee\/\" class=\"wp-image-674\" srcset=\"https:\/\/galerie-brusberg.de\/wp-content\/uploads\/2021\/08\/lyckallee-1024x846.jpg 1024w, https:\/\/galerie-brusberg.de\/wp-content\/uploads\/2021\/08\/lyckallee-500x413.jpg 500w, https:\/\/galerie-brusberg.de\/wp-content\/uploads\/2021\/08\/lyckallee-768x635.jpg 768w, https:\/\/galerie-brusberg.de\/wp-content\/uploads\/2021\/08\/lyckallee-1536x1269.jpg 1536w, https:\/\/galerie-brusberg.de\/wp-content\/uploads\/2021\/08\/lyckallee-2048x1692.jpg 2048w\" sizes=\"auto, (max-width: 1024px) 100vw, 1024px\" \/><\/figure><\/li><li class=\"blocks-gallery-item\"><figure><img loading=\"lazy\" decoding=\"async\" width=\"986\" height=\"925\" src=\"https:\/\/galerie-brusberg.de\/wp-content\/uploads\/2021\/09\/Friedbergstr_29_aussen_web.jpg\" alt=\"\" data-id=\"1390\" data-full-url=\"https:\/\/galerie-brusberg.de\/wp-content\/uploads\/2021\/09\/Friedbergstr_29_aussen_web.jpg\" data-link=\"https:\/\/galerie-brusberg.de\/home\/friedbergstr_29_aussen_web\/\" class=\"wp-image-1390\" srcset=\"https:\/\/galerie-brusberg.de\/wp-content\/uploads\/2021\/09\/Friedbergstr_29_aussen_web.jpg 986w, https:\/\/galerie-brusberg.de\/wp-content\/uploads\/2021\/09\/Friedbergstr_29_aussen_web-500x469.jpg 500w, https:\/\/galerie-brusberg.de\/wp-content\/uploads\/2021\/09\/Friedbergstr_29_aussen_web-768x720.jpg 768w\" sizes=\"auto, (max-width: 986px) 100vw, 986px\" \/><\/figure><\/li><li class=\"blocks-gallery-item\"><figure><img loading=\"lazy\" decoding=\"async\" width=\"1024\" height=\"768\" src=\"https:\/\/galerie-brusberg.de\/wp-content\/uploads\/2021\/09\/IMG_7325-1024x768.jpg\" alt=\"\" data-id=\"1419\" data-full-url=\"https:\/\/galerie-brusberg.de\/wp-content\/uploads\/2021\/09\/IMG_7325-scaled.jpg\" data-link=\"https:\/\/galerie-brusberg.de\/ueber-uns\/img_7325\/\" class=\"wp-image-1419\" srcset=\"https:\/\/galerie-brusberg.de\/wp-content\/uploads\/2021\/09\/IMG_7325-1024x768.jpg 1024w, https:\/\/galerie-brusberg.de\/wp-content\/uploads\/2021\/09\/IMG_7325-500x375.jpg 500w, https:\/\/galerie-brusberg.de\/wp-content\/uploads\/2021\/09\/IMG_7325-768x576.jpg 768w, https:\/\/galerie-brusberg.de\/wp-content\/uploads\/2021\/09\/IMG_7325-1536x1152.jpg 1536w, https:\/\/galerie-brusberg.de\/wp-content\/uploads\/2021\/09\/IMG_7325-2048x1536.jpg 2048w\" sizes=\"auto, (max-width: 1024px) 100vw, 1024px\" \/><\/figure><\/li><\/ul><\/figure>\n\n<h1 class=\"wp-block-heading\">History of the gallery<\/h1>\n\n<p>Die Galerie Brusberg kann auf eine \u00fcber sechzigj\u00e4hrige Geschichte zur\u00fcckblicken, mit einem ersten Kapitel, das in Hannover spielte, und einem zweiten Berliner Abschnitt.<\/p>\n\n<p>Im Dezember 1958 er\u00f6ffnete Dieter Brusberg (1935 \u2013 2015) in Hannover seine Galerie verbunden mit einem Einrichtungsstudio. Schnell wurde die Galeristen- von einer Neben- zur Haupt-T\u00e4tigkeit des jungen Gr\u00fcnders. Mit der Ausstellung \u201eforme nuove in italia\u201c verwirklichte er sein Ideal einer Einheit von angewandter und freier Kunst. Mit gro\u00dfer Energie baute Dieter Brusberg sein Galerieprogramm zu einem breiten Spektrum von der klassischen Moderne mit Schwerpunkt bei der Hannoverschen Avantgarde der Zwanziger Jahre rund um Kurt Schwitters sowie der Kunst des Surrealismus und bis zu aktuellen Positionen aus. Bei den vertretenen zeitgen\u00f6ssischen K\u00fcnstlern aus Deutschland waren es unter anderen der Karlsruher K\u00fcnstler Horst Antes, der Hamburger Paul Wunderlich und der Berliner Rolf Szymanski, bald aber auch internationale K\u00fcnstler wie zum Beispiel Sam Francis, Alexander Calder oder Alex Katz und nicht zuletzt der Kolumbianer Fernando Botero, die hier \u00fcber Jahrzehnte seine exklusive Vertretung f\u00fcr Deutschland fanden.<\/p>\n\n<p>1966 geh\u00f6rte Brusberg zu den sieben Gr\u00fcndungsmitgliedern des &#8220;vereins progressiver kunsth\u00e4ndler&#8221;, die 1967 den &#8220;K\u00f6lner Kunstmarkt&#8221; (heute Art Cologne) ins Leben riefen, seit den 80er Jahren war er auch auf der Art Basel pr\u00e4sent.<\/p>\n\n<p>Mit der Ausstellung \u201eZeitvergleich\u201c gelang Dieter Brusberg 1982\/83 in Zusammenarbeit mit dem Staatlichen Kunsthandel der DDR und dem Kunstmagazin \u201eart\u201c die erste umfassende \u00dcbersichtsausstellung von Kunst aus der DDR in der Bundesrepublik, die in sechs westdeutschen Museen und Kunstvereinen gezeigt wurde. 1988 folge im Auftrag der Berliner Festspiele \u201eZeitvergleich\u201888\u201c, die erste \u00dcbersichtsausstellung von Kunst aus der DDR in Westberlin mit \u00fcber 25.000 Besuchern.<\/p>\n\n<p>Hohe gestalterische Anspr\u00fcche stellte Dieter Brusberg von Anfang an an seine Kataloge: die \u201ebrusberg berichte\u201c (1 bis 27, 1967 bis 1983) und von 1971 bis 2003 die \u201eBrusberg Dokumente\u201c, die nicht selten mit Druckgraphiken auch als Vorzugsausgaben erh\u00e4ltlich waren. In beiden Reihen ver\u00f6ffentlichte er auch Werkverzeichnisse, so von Gerhard Altenbourg 1969 oder zum graphischen Werk von Max Ernst 1972.<\/p>\n\n<p>Am 31. Januar 1985 schloss die letzte Ausstellung der Galerie Brusberg in Hannover, sie war die 241. und Eduardo Chillida gewidmet. Damit verabschiedete sich Dieter Brusberg von der nieders\u00e4chsischen Hauptstadt, um sich ganz auf den Standort Berlin zu konzentrieren. Dort hatte er auf der Beletage des Hauses Kurf\u00fcrstendamm 213 bereits 1982 eine zweite Niederlassung gegr\u00fcndet. Die Liste der K\u00fcnstler, die in den weitl\u00e4ufigen R\u00e4umen w\u00e4hrend der darauffolgenden Jahre und Jahrzehnte ausgestellt wurden, ist lang: gro\u00dfe internationale Namen wie Fernando Botero, Max Ernst, Henri Laurens, Ren\u00e9 Magritte, Antoni Tapies; K\u00fcnstler aus Ost und West(-Deutschland) von Gerhard Altenbourg und Horst Antes \u00fcber Bernhard Heisig und Konrad Klaphek bis Walter St\u00f6hrer und Max Uhlig; Berliner Urgesteine wie Werner Heldt, Hans Laabs und Wolfgang Petrick, in Berlin weniger bekannte S\u00fcddeutsche wie J\u00fcrgen Brodwolf und Dietrich Klinge und junge Talente wie Heike Ruschmeyer oder Bertram Hasenauer. Ab 1999 war die Galerie Brusberg neben der Art Basel auch auf der TEFAF in Maastricht pr\u00e4sent. Zwei weitere Publikationsreihen wurden ins Leben gerufen: die kleinen, feinen \u201eKabinettdrucke\u201c ab 1997, von denen mittlerweile 52 erschienen sind. Und schlie\u00dflich die drei \u201eBrusberg B\u00fccher\u201c, gro\u00dfe editorische Unterfangen, die Muriel Kalish, Gerhard Altenbourg und Bernhard Heisig gewidmet sind, also K\u00fcnstlern, die Dieter Brusberg ganz besonders am Herzen lagen.<\/p>\n\n<p>28 Jahre und 141 Ausstellungen sp\u00e4ter zog sich die Galerie Ende 2010 vom Kurf\u00fcrstendamm zur\u00fcck, diesmal mit einer Ausstellung \u00fcber den jungen Berliner Maler Vincent Wenzel. Doch betrieb Dieter Brusberg mit Archiv und B\u00fcro sowie einem \u201eSchaulager\u201c seine Galerie und den Kunsthandel im kleineren Rahmen weiter.<\/p>\n\n<p>2014 wurde Felix Brusberg von seinem Vater in die Gesch\u00e4ftsf\u00fchrung der Galerie aufgenommen. 2016 erfolgte die Er\u00f6ffnung des Ausstellungsraums \u201eWunderkammer\u201c in Berlin-Charlottenburg. Der Name \u201eWunderkammer\u201c steht dabei nicht so sehr f\u00fcr die \u00fcberschaubare Gr\u00f6\u00dfe der neuen, intimeren R\u00e4umlichkeiten, sondern vor allem f\u00fcr ein Ausstellungsprogramm, das die wichtigen Positionen der Galerie beibeh\u00e4lt, aber mit Gegen\u00fcberstellungen zu angewandter Kunst und Readymades \u00fcberraschen m\u00f6chte.<\/p>\n\n<hr class=\"wp-block-separator\"\/>\n\n<p>Stiftung Figuren im Park<\/p>\n\n<figure class=\"wp-block-gallery columns-3 is-cropped wp-block-gallery-2 is-layout-flex wp-block-gallery-is-layout-flex\"><ul class=\"blocks-gallery-grid\"><li class=\"blocks-gallery-item\"><figure><img loading=\"lazy\" decoding=\"async\" width=\"1024\" height=\"673\" src=\"https:\/\/galerie-brusberg.de\/wp-content\/uploads\/2021\/08\/21_MG_4427.jpg\" alt=\"\" data-id=\"695\" data-full-url=\"https:\/\/galerie-brusberg.de\/wp-content\/uploads\/2021\/08\/21_MG_4427.jpg\" data-link=\"https:\/\/galerie-brusberg.de\/ueber-uns\/skulpturen-auf-dem-gelaende-des-klinikum-westend-2007-2009-5\/\" class=\"wp-image-695\" srcset=\"https:\/\/galerie-brusberg.de\/wp-content\/uploads\/2021\/08\/21_MG_4427.jpg 1024w, https:\/\/galerie-brusberg.de\/wp-content\/uploads\/2021\/08\/21_MG_4427-500x329.jpg 500w, https:\/\/galerie-brusberg.de\/wp-content\/uploads\/2021\/08\/21_MG_4427-768x505.jpg 768w\" sizes=\"auto, (max-width: 1024px) 100vw, 1024px\" \/><\/figure><\/li><li class=\"blocks-gallery-item\"><figure><img loading=\"lazy\" decoding=\"async\" width=\"1024\" height=\"683\" src=\"https:\/\/galerie-brusberg.de\/wp-content\/uploads\/2021\/08\/18_20071108-_MG_8855.jpg\" alt=\"\" data-id=\"693\" data-full-url=\"https:\/\/galerie-brusberg.de\/wp-content\/uploads\/2021\/08\/18_20071108-_MG_8855.jpg\" data-link=\"https:\/\/galerie-brusberg.de\/ueber-uns\/skulpturen-auf-dem-gelaende-des-klinikum-westend-2007-2009-4\/\" class=\"wp-image-693\" srcset=\"https:\/\/galerie-brusberg.de\/wp-content\/uploads\/2021\/08\/18_20071108-_MG_8855.jpg 1024w, https:\/\/galerie-brusberg.de\/wp-content\/uploads\/2021\/08\/18_20071108-_MG_8855-500x333.jpg 500w, https:\/\/galerie-brusberg.de\/wp-content\/uploads\/2021\/08\/18_20071108-_MG_8855-768x512.jpg 768w\" sizes=\"auto, (max-width: 1024px) 100vw, 1024px\" \/><\/figure><\/li><li class=\"blocks-gallery-item\"><figure><img loading=\"lazy\" decoding=\"async\" width=\"1024\" height=\"665\" src=\"https:\/\/galerie-brusberg.de\/wp-content\/uploads\/2021\/08\/15_MG_8712.jpg\" alt=\"\" data-id=\"691\" data-full-url=\"https:\/\/galerie-brusberg.de\/wp-content\/uploads\/2021\/08\/15_MG_8712.jpg\" data-link=\"https:\/\/galerie-brusberg.de\/ueber-uns\/skulpturen-auf-dem-gelaende-des-klinikum-westend-2007-2009-3\/\" class=\"wp-image-691\" srcset=\"https:\/\/galerie-brusberg.de\/wp-content\/uploads\/2021\/08\/15_MG_8712.jpg 1024w, https:\/\/galerie-brusberg.de\/wp-content\/uploads\/2021\/08\/15_MG_8712-500x325.jpg 500w, https:\/\/galerie-brusberg.de\/wp-content\/uploads\/2021\/08\/15_MG_8712-768x499.jpg 768w\" sizes=\"auto, (max-width: 1024px) 100vw, 1024px\" \/><\/figure><\/li><li class=\"blocks-gallery-item\"><figure><img loading=\"lazy\" decoding=\"async\" width=\"1024\" height=\"683\" src=\"https:\/\/galerie-brusberg.de\/wp-content\/uploads\/2021\/08\/11_20071029-_MG_8370b.jpg\" alt=\"\" data-id=\"689\" data-full-url=\"https:\/\/galerie-brusberg.de\/wp-content\/uploads\/2021\/08\/11_20071029-_MG_8370b.jpg\" data-link=\"https:\/\/galerie-brusberg.de\/ueber-uns\/skulpturen-auf-dem-gelaende-des-klinikum-westend-2007-2009-2\/\" class=\"wp-image-689\" srcset=\"https:\/\/galerie-brusberg.de\/wp-content\/uploads\/2021\/08\/11_20071029-_MG_8370b.jpg 1024w, https:\/\/galerie-brusberg.de\/wp-content\/uploads\/2021\/08\/11_20071029-_MG_8370b-500x333.jpg 500w, https:\/\/galerie-brusberg.de\/wp-content\/uploads\/2021\/08\/11_20071029-_MG_8370b-768x512.jpg 768w\" sizes=\"auto, (max-width: 1024px) 100vw, 1024px\" \/><\/figure><\/li><li class=\"blocks-gallery-item\"><figure><img loading=\"lazy\" decoding=\"async\" width=\"1024\" height=\"1024\" src=\"https:\/\/galerie-brusberg.de\/wp-content\/uploads\/2021\/08\/10_20071023-_MG_7116a-1024x1024.jpg\" alt=\"\" data-id=\"687\" data-full-url=\"https:\/\/galerie-brusberg.de\/wp-content\/uploads\/2021\/08\/10_20071023-_MG_7116a.jpg\" data-link=\"https:\/\/galerie-brusberg.de\/ueber-uns\/skulpturen-auf-dem-gelaende-des-klinikum-westend-2007-2009\/\" class=\"wp-image-687\" srcset=\"https:\/\/galerie-brusberg.de\/wp-content\/uploads\/2021\/08\/10_20071023-_MG_7116a.jpg 1024w, https:\/\/galerie-brusberg.de\/wp-content\/uploads\/2021\/08\/10_20071023-_MG_7116a-500x500.jpg 500w, https:\/\/galerie-brusberg.de\/wp-content\/uploads\/2021\/08\/10_20071023-_MG_7116a-150x150.jpg 150w, https:\/\/galerie-brusberg.de\/wp-content\/uploads\/2021\/08\/10_20071023-_MG_7116a-768x768.jpg 768w\" sizes=\"auto, (max-width: 1024px) 100vw, 1024px\" \/><\/figure><\/li><\/ul><\/figure>\n\n<h1 class=\"wp-block-heading\">Skulpturen im Park<\/h1>\n\n<p>\u00bbFiguren im Park\u00ab wurde als Stiftung 2009 von Heidi und Dieter Brusberg und den DRK Kliniken Berlin | Westend gegr\u00fcndet.&#13;\nBei den \u00bbFiguren\u00ab handelt es sich um rund 30 Skulpturen von Emil Cimiotti, Fritz Cremer, Wilhelm Loth, Dietrich Klinge, Alexander Polzin, Ludwig Gabriel Schrieber, Rolf Szymanski und Bernd Wilde aus den letzten 70 Jahren, die innerhalb des weitl\u00e4ufigen, parkartigen Freigel\u00e4ndes der Kliniken am Spandauer Damm dauerhaft ausgestellt werden. So entstand \u201eeine f\u00fcr jedermann zug\u00e4ngliche Skulpturensammlung von musealer Qualit\u00e4t, die den menschlichen K\u00f6rper, seine Ver\u00e4nderlichkeit, seine Verwundbarkeit aber auch seine Sch\u00f6nheit in verschiedenen Facetten zeigt\u201c und den Patienten, Mitarbeitern und Besucher des Krankenhauses Freude verschaffen und zur Anregung dienen soll.<\/p>\n\n<p>Zur externen Projektwebseite:&#13;\n<a href=\"http:\/\/www.figurenimpark.de\/\" target=\"_blank\" rel=\"noreferrer noopener\" data-type=\"URL\" data-id=\"http:\/\/www.figurenimpark.de\/\">www.figurenimpark.de<\/a><\/p>\n\n<hr class=\"wp-block-separator\"\/>\n\n<p>Team<\/p>\n\n<div class=\"wp-block-columns is-layout-flex wp-container-core-columns-is-layout-9d6595d7 wp-block-columns-is-layout-flex\">\n<div class=\"wp-block-column is-layout-flow wp-block-column-is-layout-flow\">\n<figure class=\"wp-block-image size-large\"><img loading=\"lazy\" decoding=\"async\" width=\"1014\" height=\"1024\" src=\"https:\/\/galerie-brusberg.de\/wp-content\/uploads\/2021\/09\/Bildnis_BK_16518-1014x1024.jpg\" alt=\"\" class=\"wp-image-1435\" srcset=\"https:\/\/galerie-brusberg.de\/wp-content\/uploads\/2021\/09\/Bildnis_BK_16518-1014x1024.jpg 1014w, https:\/\/galerie-brusberg.de\/wp-content\/uploads\/2021\/09\/Bildnis_BK_16518-495x500.jpg 495w, https:\/\/galerie-brusberg.de\/wp-content\/uploads\/2021\/09\/Bildnis_BK_16518-150x150.jpg 150w, https:\/\/galerie-brusberg.de\/wp-content\/uploads\/2021\/09\/Bildnis_BK_16518-768x775.jpg 768w, https:\/\/galerie-brusberg.de\/wp-content\/uploads\/2021\/09\/Bildnis_BK_16518-1522x1536.jpg 1522w, https:\/\/galerie-brusberg.de\/wp-content\/uploads\/2021\/09\/Bildnis_BK_16518-2029x2048.jpg 2029w\" sizes=\"auto, (max-width: 1014px) 100vw, 1014px\" \/><\/figure>\n\n\n\n<h2 class=\"has-text-align-center wp-block-heading\">Felix Brusberg<\/h2>\n\n\n\n<p class=\"has-text-align-center\">Gesch\u00e4ftsf\u00fchrer<\/p>\n<\/div>\n\n\n\n<div class=\"wp-block-column is-layout-flow wp-block-column-is-layout-flow\">\n<figure class=\"wp-block-image size-large\"><img loading=\"lazy\" decoding=\"async\" width=\"1024\" height=\"1024\" src=\"https:\/\/galerie-brusberg.de\/wp-content\/uploads\/2021\/09\/Team_AC_Uhlmann-1024x1024.jpg\" alt=\"\" class=\"wp-image-1438\" srcset=\"https:\/\/galerie-brusberg.de\/wp-content\/uploads\/2021\/09\/Team_AC_Uhlmann.jpg 1024w, https:\/\/galerie-brusberg.de\/wp-content\/uploads\/2021\/09\/Team_AC_Uhlmann-500x500.jpg 500w, https:\/\/galerie-brusberg.de\/wp-content\/uploads\/2021\/09\/Team_AC_Uhlmann-150x150.jpg 150w, https:\/\/galerie-brusberg.de\/wp-content\/uploads\/2021\/09\/Team_AC_Uhlmann-768x768.jpg 768w\" sizes=\"auto, (max-width: 1024px) 100vw, 1024px\" \/><\/figure>\n\n\n\n<h2 class=\"wp-block-heading\">Dr. Annette Cir\u00e9<\/h2>\n\n\n\n<p class=\"has-text-align-center\">Wisssenschaftliche Mitarbeit,&#13;\nOrganisation, Verkauf<\/p>\n<\/div>\n\n\n\n<div class=\"wp-block-column is-layout-flow wp-block-column-is-layout-flow\">\n<figure class=\"wp-block-image size-large\"><img loading=\"lazy\" decoding=\"async\" width=\"1024\" height=\"1024\" src=\"https:\/\/galerie-brusberg.de\/wp-content\/uploads\/2021\/09\/Team_SB_Altenbourg-1024x1024.jpg\" alt=\"\" class=\"wp-image-1442\" srcset=\"https:\/\/galerie-brusberg.de\/wp-content\/uploads\/2021\/09\/Team_SB_Altenbourg.jpg 1024w, https:\/\/galerie-brusberg.de\/wp-content\/uploads\/2021\/09\/Team_SB_Altenbourg-500x500.jpg 500w, https:\/\/galerie-brusberg.de\/wp-content\/uploads\/2021\/09\/Team_SB_Altenbourg-150x150.jpg 150w, https:\/\/galerie-brusberg.de\/wp-content\/uploads\/2021\/09\/Team_SB_Altenbourg-768x768.jpg 768w\" sizes=\"auto, (max-width: 1024px) 100vw, 1024px\" \/><\/figure>\n\n\n\n<h2 class=\"has-text-align-center wp-block-heading\">Susanne Bayer<\/h2>\n\n\n\n<p class=\"has-text-align-center\">Fine Art Back Office Finanzwesen<\/p>\n<\/div>\n\n\n\n<div class=\"wp-block-column is-layout-flow wp-block-column-is-layout-flow\">\n<figure class=\"wp-block-image size-large\"><img loading=\"lazy\" decoding=\"async\" width=\"1024\" height=\"1015\" src=\"https:\/\/galerie-brusberg.de\/wp-content\/uploads\/2021\/09\/kopf_168_2002-1024x1015.jpg\" alt=\"\" class=\"wp-image-1486\" srcset=\"https:\/\/galerie-brusberg.de\/wp-content\/uploads\/2021\/09\/kopf_168_2002-1024x1015.jpg 1024w, https:\/\/galerie-brusberg.de\/wp-content\/uploads\/2021\/09\/kopf_168_2002-500x496.jpg 500w, https:\/\/galerie-brusberg.de\/wp-content\/uploads\/2021\/09\/kopf_168_2002-150x150.jpg 150w, https:\/\/galerie-brusberg.de\/wp-content\/uploads\/2021\/09\/kopf_168_2002-768x762.jpg 768w, https:\/\/galerie-brusberg.de\/wp-content\/uploads\/2021\/09\/kopf_168_2002-1536x1523.jpg 1536w, https:\/\/galerie-brusberg.de\/wp-content\/uploads\/2021\/09\/kopf_168_2002.jpg 1683w\" sizes=\"auto, (max-width: 1024px) 100vw, 1024px\" \/><\/figure>\n\n\n\n<h2 class=\"has-text-align-center wp-block-heading\">Wilfried Meyer<\/h2>\n\n\n\n<p class=\"has-text-align-center\"> Logistik, EDV <\/p>\n<\/div>\n<\/div>\n","protected":false},"excerpt":{"rendered":"<p>History of the gallery Die Galerie Brusberg kann auf eine \u00fcber sechzigj\u00e4hrige Geschichte zur\u00fcckblicken, mit einem ersten Kapitel, das in Hannover spielte, und einem zweiten [&#8230;]<\/p>\n","protected":false},"author":1,"featured_media":0,"parent":0,"menu_order":0,"comment_status":"closed","ping_status":"closed","template":"page-templates\/about_us.php","meta":{"_acf_changed":false,"footnotes":""},"class_list":["post-1540","page","type-page","status-publish","hentry"],"acf":[],"_links":{"self":[{"href":"https:\/\/galerie-brusberg.de\/en\/wp-json\/wp\/v2\/pages\/1540","targetHints":{"allow":["GET"]}}],"collection":[{"href":"https:\/\/galerie-brusberg.de\/en\/wp-json\/wp\/v2\/pages"}],"about":[{"href":"https:\/\/galerie-brusberg.de\/en\/wp-json\/wp\/v2\/types\/page"}],"author":[{"embeddable":true,"href":"https:\/\/galerie-brusberg.de\/en\/wp-json\/wp\/v2\/users\/1"}],"replies":[{"embeddable":true,"href":"https:\/\/galerie-brusberg.de\/en\/wp-json\/wp\/v2\/comments?post=1540"}],"version-history":[{"count":2,"href":"https:\/\/galerie-brusberg.de\/en\/wp-json\/wp\/v2\/pages\/1540\/revisions"}],"predecessor-version":[{"id":1548,"href":"https:\/\/galerie-brusberg.de\/en\/wp-json\/wp\/v2\/pages\/1540\/revisions\/1548"}],"wp:attachment":[{"href":"https:\/\/galerie-brusberg.de\/en\/wp-json\/wp\/v2\/media?parent=1540"}],"curies":[{"name":"wp","href":"https:\/\/api.w.org\/{rel}","templated":true}]}}